{"id":460,"date":"2020-10-26T12:20:25","date_gmt":"2020-10-26T12:20:25","guid":{"rendered":"http:\/\/amwerk.bold-themes.com\/berlin\/?page_id=460"},"modified":"2024-12-31T10:13:49","modified_gmt":"2024-12-31T09:13:49","slug":"footer","status":"publish","type":"page","link":"https:\/\/www.kairospolska.pl\/en\/footer\/","title":{"rendered":"Footer"},"content":{"rendered":"<section id=\"bt_bb_section69f1e0494a5ec\"  data-background_image_src=\"'https:\/\/www.kairospolska.pl\/wp-content\/uploads\/2021\/05\/kairos-polska-footer-background-2.jpg'\" class=\"bt_bb_section bt_bb_color_scheme_11 bt_bb_layout_boxed_1500 bt_bb_vertical_align_top btLazyLoadBackground bt_bb_background_image bt_bb_section_allow_content_outside bt_bb_section_allow_content_outside bt_bb_section_with_top_coverage_image\" style=\"background-image:url(&#039;https:\/\/www.kairospolska.pl\/wp-content\/plugins\/bold-page-builder\/img\/blank.gif&#039;);background-position:center 30%;\"><div class=\"bt_bb_port\"><div class=\"bt_bb_cell\"><div class=\"bt_bb_cell_inner\"><div class=\"bt_bb_row  bt_bb_column_gap_0\" style=\"; --column-gap:0px;\" data-bt-override-class=\"{}\"><div class=\"bt_bb_row_holder\" ><div  class=\"bt_bb_column col-xxl-3 col-xl-3 col-xs-12 col-sm-6 col-md-6 col-lg-3 btFooterFiveColumns bt_bb_vertical_align_top bt_bb_align_left bt_bb_padding_15\" style=\"; --column-width:3;\" data-width=\"3\" data-bt-override-class=\"{&quot;bt_bb_align_&quot;:{&quot;current_class&quot;:&quot;bt_bb_align_left&quot;,&quot;def&quot;:&quot;left&quot;,&quot;xl&quot;:&quot;left&quot;}}\"><div class=\"bt_bb_column_content\"><div class=\"bt_bb_column_content_inner\"><div class=\"bt_bb_separator bt_bb_border_style_none bt_bb_bottom_spacing_60\" data-bt-override-class=\"null\"><\/div><div data-bb-version=\"4.5.5\" class=\"bt_bb_image bt_bb_shape_square bt_bb_align_inherit bt_bb_hover_style_simple bt_bb_content_display_always bt_bb_content_align_middle bt_bb_remove_padding_yes bt_bb_fill_background_color_full bt_bb_content_exists\" style=\"max-width: 166px;\" data-bt-override-class=\"{&quot;bt_bb_align_&quot;:{&quot;current_class&quot;:&quot;bt_bb_align_inherit&quot;,&quot;def&quot;:&quot;inherit&quot;}}\"><span><img src = \"https:\/\/www.kairospolska.pl\/wp-content\/plugins\/bold-page-builder\/img\/blank.gif\" data-full_image_src=\"https:\/\/www.kairospolska.pl\/wp-content\/uploads\/2023\/08\/logo-footer-1.webp\" data-image_src=\"https:\/\/www.kairospolska.pl\/wp-content\/uploads\/2023\/08\/logo-footer-1.webp\" title=\"logo-footer\" alt=\"https:\/\/www.kairospolska.pl\/wp-content\/uploads\/2023\/08\/logo-footer-1.webp\" class=\"btLazyLoadImage\"><\/span><div class=\"bt_bb_image_content\"><div class=\"bt_bb_image_content_flex\"><div class=\"bt_bb_image_content_inner\"><div class=\"bt_bb_separator bt_bb_border_style_none bt_bb_bottom_spacing_5\" data-bt-override-class=\"null\"><\/div><\/div><\/div><\/div><\/div><div class=\"bt_bb_separator bt_bb_border_style_none bt_bb_bottom_spacing_5\" data-bt-override-class=\"null\"><\/div><div  class=\"bt_bb_text\" ><\/p>\n<p>We offer a unique technology for perfect surface preparation for painting as an alternative to the phosphating process. We guarantee savings for the plant after implementing the Kairos solution.<\/p>\n<p>\n<\/div><div class=\"bt_bb_separator bt_bb_border_style_none bt_bb_bottom_spacing_40\" data-bt-override-class=\"null\"><\/div><div class=\"bt_bb_icon bt_bb_color_scheme_4 bt_bb_style_borderless bt_bb_size_small bt_bb_shape_circle bt_bb_target_blank bt_bb_text_empty bt_bb_align_inherit\" style=\"; --primary-color:#de002c; --secondary-color:#ffffff;\" data-bt-override-class=\"{&quot;bt_bb_size_&quot;:{&quot;current_class&quot;:&quot;bt_bb_size_small&quot;,&quot;def&quot;:&quot;small&quot;,&quot;xl&quot;:&quot;small&quot;},&quot;bt_bb_align_&quot;:{&quot;current_class&quot;:&quot;bt_bb_align_inherit&quot;,&quot;def&quot;:&quot;inherit&quot;,&quot;xl&quot;:&quot;inherit&quot;}}\"><a href=\"https:\/\/www.facebook.com\/Kairos-Polska-357254058117775\/\"  target=\"_blank\"   data-ico-fontawesome5brands=\"&#xf39e;\" class=\"bt_bb_icon_holder\"><\/a><\/div><div data-bb-version=\"5.2.5\" class=\"bt_bb_icon bt_bb_color_scheme_4 bt_bb_style_borderless bt_bb_size_small bt_bb_shape_circle bt_bb_target_blank bt_bb_text_empty bt_bb_align_inherit\" style=\"; --primary-color:#de002c; --secondary-color:#ffffff;\" data-bt-override-class=\"{&quot;bt_bb_size_&quot;:{&quot;current_class&quot;:&quot;bt_bb_size_small&quot;,&quot;def&quot;:&quot;small&quot;},&quot;bt_bb_align_&quot;:{&quot;current_class&quot;:&quot;bt_bb_align_inherit&quot;,&quot;def&quot;:&quot;inherit&quot;},&quot;bt_bb_animation_&quot;:{&quot;current_class&quot;:&quot;bt_bb_animation_no_animation&quot;,&quot;def&quot;:&quot;no_animation&quot;}}\"><a href=\"https:\/\/www.linkedin.com\/company\/kairos-polska\/\"  target=\"_blank\"   data-ico-fontawesome5brands=\"&#xf08c;\" class=\"bt_bb_icon_holder\"><\/a><\/div><div class=\"bt_bb_separator bt_bb_border_style_none bt_bb_bottom_spacing_60 bt_bb_hidden_xs bt_bb_hidden_ms bt_bb_hidden_sm\" data-bt-override-class=\"null\"><\/div><\/div><\/div><\/div><div  class=\"bt_bb_column col-xxl-3 col-xl-3 col-xs-12 col-sm-6 col-md-6 col-lg-3 btFooterFiveColumns bt_bb_vertical_align_top bt_bb_align_left bt_bb_padding_normal\" style=\"; --column-width:3;\" data-width=\"3\" data-bt-override-class=\"{}\"><div class=\"bt_bb_column_content\"><div class=\"bt_bb_column_content_inner\"><div class=\"bt_bb_separator bt_bb_border_style_none bt_bb_bottom_spacing_30\" data-bt-override-class=\"null\"><\/div><div class=\"bt_bb_separator bt_bb_border_style_none bt_bb_bottom_spacing_40 bt_bb_hidden_xs bt_bb_hidden_ms bt_bb_hidden_sm\" data-bt-override-class=\"null\"><\/div><header class=\"bt_bb_headline bt_bb_dash_none bt_bb_size_small bt_bb_align_inherit\" data-bt-override-class=\"null\"><h4><span class=\"bt_bb_headline_content\"><span>Offer<\/span><\/span><\/h4><\/header><div class=\"bt_bb_separator bt_bb_border_style_none bt_bb_bottom_spacing_30\" data-bt-override-class=\"null\"><\/div><div class=\"bt_bb_custom_menu btBulletedMenu btLightFontMenu bt_bb_direction_vertical\"><div class=\"menu-oferta-container\"><ul id=\"menu-oferta\" class=\"menu\"><li id=\"menu-item-1536\" class=\"menu-item menu-item-type-post_type menu-item-object-page menu-item-1536\"><a href=\"https:\/\/www.kairospolska.pl\/en\/offer\/product-kairo-surf\/\">Surface preparation<\/a><\/li>\n<li id=\"menu-item-1535\" class=\"menu-item menu-item-type-post_type menu-item-object-page menu-item-1535\"><a href=\"https:\/\/www.kairospolska.pl\/en\/offer\/industrial-washing\/\">Industrial washing<\/a><\/li>\n<li id=\"menu-item-1534\" class=\"menu-item menu-item-type-post_type menu-item-object-page menu-item-1534\"><a href=\"https:\/\/www.kairospolska.pl\/en\/offer\/oil-skimmers\/\">Oil skimmers<\/a><\/li>\n<li id=\"menu-item-1533\" class=\"menu-item menu-item-type-post_type menu-item-object-page menu-item-1533\"><a href=\"https:\/\/www.kairospolska.pl\/en\/offer\/control-of-chemicals-during-operation\/\">Control of chemicals during operation<\/a><\/li>\n<\/ul><\/div><\/div><div class=\"bt_bb_separator bt_bb_border_style_none bt_bb_bottom_spacing_60 bt_bb_hidden_xs bt_bb_hidden_ms bt_bb_hidden_sm\" data-bt-override-class=\"null\"><\/div><\/div><\/div><\/div><div  class=\"bt_bb_column col-xxl-3 col-xl-3 col-xs-12 col-sm-6 col-md-6 col-lg-3 btFooterFiveColumns bt_bb_vertical_align_top bt_bb_align_left bt_bb_padding_normal\" style=\"; --column-width:3;\" data-width=\"3\" data-bt-override-class=\"{}\"><div class=\"bt_bb_column_content\"><div class=\"bt_bb_column_content_inner\"><div class=\"bt_bb_separator bt_bb_border_style_none bt_bb_bottom_spacing_30\" data-bt-override-class=\"null\"><\/div><div class=\"bt_bb_separator bt_bb_border_style_none bt_bb_bottom_spacing_40 bt_bb_hidden_xs bt_bb_hidden_ms bt_bb_hidden_sm\" data-bt-override-class=\"null\"><\/div><header class=\"bt_bb_headline bt_bb_dash_none bt_bb_size_small bt_bb_align_inherit\" data-bt-override-class=\"null\"><h4><span class=\"bt_bb_headline_content\"><span>Case study<\/span><\/span><\/h4><\/header><div class=\"bt_bb_separator bt_bb_border_style_none bt_bb_bottom_spacing_30\" data-bt-override-class=\"null\"><\/div><div class=\"bt_bb_custom_menu btBulletedMenu btLightFontMenu bt_bb_direction_vertical\"><div class=\"menu-realizacje-container\"><ul id=\"menu-realizacje\" class=\"menu\"><li id=\"menu-item-1050\" class=\"menu-item menu-item-type-custom menu-item-object-custom menu-item-1050\"><a href=\"https:\/\/www.kairospolska.pl\/en\/wdrozenia\/how-to-reduce-painting-costs-on-a-line-of-bathroom-radiators\/\">Implementation on the bathroom radiator line<\/a><\/li>\n<\/ul><\/div><\/div><div class=\"bt_bb_separator bt_bb_border_style_none bt_bb_bottom_spacing_60 bt_bb_hidden_xs bt_bb_hidden_ms bt_bb_hidden_sm\" data-bt-override-class=\"null\"><\/div><\/div><\/div><\/div><div  class=\"bt_bb_column col-xxl-3 col-xl-3 col-xs-12 col-sm-6 col-md-6 col-lg-3 btFooterFiveColumns bt_bb_vertical_align_top bt_bb_align_left bt_bb_padding_normal\" style=\"; --column-width:3;\" data-width=\"3\" data-bt-override-class=\"{}\"><div class=\"bt_bb_column_content\"><div class=\"bt_bb_column_content_inner\"><div class=\"bt_bb_separator bt_bb_border_style_none bt_bb_bottom_spacing_30\" data-bt-override-class=\"null\"><\/div><div class=\"bt_bb_separator bt_bb_border_style_none bt_bb_bottom_spacing_40 bt_bb_hidden_xs bt_bb_hidden_ms bt_bb_hidden_sm\" data-bt-override-class=\"null\"><\/div><header class=\"bt_bb_headline bt_bb_dash_none bt_bb_size_small bt_bb_align_inherit\" data-bt-override-class=\"null\"><h4><span class=\"bt_bb_headline_content\"><span>Contact<\/span><\/span><\/h4><\/header><div class=\"bt_bb_separator bt_bb_border_style_none bt_bb_bottom_spacing_30\" data-bt-override-class=\"null\"><\/div><div class=\"bt_bb_icon bt_bb_align_icon_top btFooterAccentIcon bt_bb_color_scheme_1 bt_bb_style_borderless bt_bb_size_small bt_bb_shape_circle bt_bb_target_self bt_bb_align_inherit\" style=\"; --primary-color:#ffffff; --secondary-color:#000000;\" data-bt-override-class=\"{&quot;bt_bb_size_&quot;:{&quot;current_class&quot;:&quot;bt_bb_size_small&quot;,&quot;def&quot;:&quot;small&quot;,&quot;xl&quot;:&quot;small&quot;},&quot;bt_bb_align_&quot;:{&quot;current_class&quot;:&quot;bt_bb_align_inherit&quot;,&quot;def&quot;:&quot;inherit&quot;,&quot;xl&quot;:&quot;inherit&quot;}}\"><span  data-ico-fontawesome5solid=\"&#xf015;\" class=\"bt_bb_icon_holder\"><span>Kairos Sp. z o.o.<\/span><\/span><\/div><div class=\"bt_bb_separator bt_bb_border_style_none bt_bb_bottom_spacing_15\" data-bt-override-class=\"null\"><\/div><div class=\"bt_bb_icon bt_bb_align_icon_top btFooterAccentIcon bt_bb_color_scheme_1 bt_bb_style_borderless bt_bb_size_small bt_bb_shape_circle bt_bb_target_self bt_bb_align_inherit\" style=\"; --primary-color:#ffffff; --secondary-color:#000000;\" data-bt-override-class=\"{&quot;bt_bb_size_&quot;:{&quot;current_class&quot;:&quot;bt_bb_size_small&quot;,&quot;def&quot;:&quot;small&quot;,&quot;xl&quot;:&quot;small&quot;},&quot;bt_bb_align_&quot;:{&quot;current_class&quot;:&quot;bt_bb_align_inherit&quot;,&quot;def&quot;:&quot;inherit&quot;,&quot;xl&quot;:&quot;inherit&quot;}}\"><span  data-ico-fontawesome5solid=\"&#xf3c5;\" class=\"bt_bb_icon_holder\"><span>ul. Ka\u0142u\u017cy 1, 30-111 Krak\u00f3w<\/span><\/span><\/div><div class=\"bt_bb_separator bt_bb_border_style_none bt_bb_bottom_spacing_15\" data-bt-override-class=\"null\"><\/div><div class=\"bt_bb_icon btFooterAccentIcon bt_bb_color_scheme_6 bt_bb_style_borderless bt_bb_size_small bt_bb_shape_circle bt_bb_target_self bt_bb_align_inherit\" style=\"; --primary-color:#ffffff; --secondary-color:#de002c;\" data-bt-override-class=\"{&quot;bt_bb_size_&quot;:{&quot;current_class&quot;:&quot;bt_bb_size_small&quot;,&quot;def&quot;:&quot;small&quot;,&quot;xl&quot;:&quot;small&quot;},&quot;bt_bb_align_&quot;:{&quot;current_class&quot;:&quot;bt_bb_align_inherit&quot;,&quot;def&quot;:&quot;inherit&quot;,&quot;xl&quot;:&quot;inherit&quot;}}\"><a href=\"tel:+48-12-312-02-76\"  target=\"_self\"  title=\"+48-12-312-02-76\"  data-ico-fontawesome5solid=\"&#xf095;\" class=\"bt_bb_icon_holder\"><span>+48-12-312-02-76<\/span><\/a><\/div><div class=\"bt_bb_separator bt_bb_border_style_none bt_bb_bottom_spacing_15\" data-bt-override-class=\"null\"><\/div><div class=\"bt_bb_icon btFooterAccentIcon bt_bb_color_scheme_6 bt_bb_style_borderless bt_bb_size_small bt_bb_shape_circle bt_bb_target_self bt_bb_align_inherit\" style=\"; --primary-color:#ffffff; --secondary-color:#de002c;\" data-bt-override-class=\"{&quot;bt_bb_size_&quot;:{&quot;current_class&quot;:&quot;bt_bb_size_small&quot;,&quot;def&quot;:&quot;small&quot;,&quot;xl&quot;:&quot;small&quot;},&quot;bt_bb_align_&quot;:{&quot;current_class&quot;:&quot;bt_bb_align_inherit&quot;,&quot;def&quot;:&quot;inherit&quot;,&quot;xl&quot;:&quot;inherit&quot;}}\"><a href=\"mailto:info@kairospolska.pl\"  target=\"_self\"  title=\"info@kairospolska.pl\"  data-ico-fontawesome5solid=\"&#xf1d8;\" class=\"bt_bb_icon_holder\"><span>info@kairospolska.pl<\/span><\/a><\/div><div class=\"bt_bb_separator bt_bb_border_style_none bt_bb_bottom_spacing_60 bt_bb_hidden_xs bt_bb_hidden_ms bt_bb_hidden_sm\" data-bt-override-class=\"null\"><\/div><\/div><\/div><\/div><\/div><\/div><\/div><\/div><\/div><div class=\"bt_bb_section_top_section_coverage_image\"><img decoding=\"async\" src=\"https:\/\/www.kairospolska.pl\/wp-content\/uploads\/2020\/11\/bg-footer-top.png\" alt=\"bt_bb_section_top_section_coverage_image\" \/><\/div><\/section>","protected":false},"excerpt":{"rendered":"","protected":false},"author":1,"featured_media":0,"parent":0,"menu_order":0,"comment_status":"closed","ping_status":"closed","template":"","meta":{"footnotes":""},"class_list":["post-460","page","type-page","status-publish","hentry"],"yoast_head":"<!-- This site is optimized with the Yoast SEO plugin v27.4 - https:\/\/yoast.com\/product\/yoast-seo-wordpress\/ -->\n<title>Footer - Kairos Polska<\/title>\n<meta name=\"robots\" content=\"index, follow, max-snippet:-1, max-image-preview:large, max-video-preview:-1\" \/>\n<link rel=\"canonical\" href=\"https:\/\/www.kairospolska.pl\/en\/footer\/\" \/>\n<meta property=\"og:locale\" content=\"en_GB\" \/>\n<meta property=\"og:type\" content=\"article\" \/>\n<meta property=\"og:title\" content=\"Footer - Kairos Polska\" \/>\n<meta property=\"og:url\" content=\"https:\/\/www.kairospolska.pl\/en\/footer\/\" \/>\n<meta property=\"og:site_name\" content=\"Kairos Polska\" \/>\n<meta property=\"article:publisher\" content=\"https:\/\/www.facebook.com\/Kairos-Polska-357254058117775\/\" \/>\n<meta property=\"article:modified_time\" content=\"2024-12-31T09:13:49+00:00\" \/>\n<meta property=\"og:image\" content=\"https:\/\/www.kairospolska.pl\/wp-content\/uploads\/2021\/06\/kairos-naglowek-oferta.jpg\" \/>\n\t<meta property=\"og:image:width\" content=\"1500\" \/>\n\t<meta property=\"og:image:height\" content=\"1007\" \/>\n\t<meta property=\"og:image:type\" content=\"image\/jpeg\" \/>\n<meta name=\"twitter:card\" content=\"summary_large_image\" \/>\n<script type=\"application\/ld+json\" class=\"yoast-schema-graph\">{\"@context\":\"https:\\\/\\\/schema.org\",\"@graph\":[{\"@type\":\"WebPage\",\"@id\":\"https:\\\/\\\/www.kairospolska.pl\\\/footer\\\/\",\"url\":\"https:\\\/\\\/www.kairospolska.pl\\\/footer\\\/\",\"name\":\"Footer - Kairos Polska\",\"isPartOf\":{\"@id\":\"https:\\\/\\\/www.kairospolska.pl\\\/#website\"},\"datePublished\":\"2020-10-26T12:20:25+00:00\",\"dateModified\":\"2024-12-31T09:13:49+00:00\",\"breadcrumb\":{\"@id\":\"https:\\\/\\\/www.kairospolska.pl\\\/footer\\\/#breadcrumb\"},\"inLanguage\":\"en-GB\",\"potentialAction\":[{\"@type\":\"ReadAction\",\"target\":[\"https:\\\/\\\/www.kairospolska.pl\\\/footer\\\/\"]}]},{\"@type\":\"BreadcrumbList\",\"@id\":\"https:\\\/\\\/www.kairospolska.pl\\\/footer\\\/#breadcrumb\",\"itemListElement\":[{\"@type\":\"ListItem\",\"position\":1,\"name\":\"Strona g\u0142\u00f3wna\",\"item\":\"https:\\\/\\\/www.kairospolska.pl\\\/\"},{\"@type\":\"ListItem\",\"position\":2,\"name\":\"Footer\"}]},{\"@type\":\"WebSite\",\"@id\":\"https:\\\/\\\/www.kairospolska.pl\\\/#website\",\"url\":\"https:\\\/\\\/www.kairospolska.pl\\\/\",\"name\":\"Kairos Polska\",\"description\":\"\",\"publisher\":{\"@id\":\"https:\\\/\\\/www.kairospolska.pl\\\/#organization\"},\"potentialAction\":[{\"@type\":\"SearchAction\",\"target\":{\"@type\":\"EntryPoint\",\"urlTemplate\":\"https:\\\/\\\/www.kairospolska.pl\\\/?s={search_term_string}\"},\"query-input\":{\"@type\":\"PropertyValueSpecification\",\"valueRequired\":true,\"valueName\":\"search_term_string\"}}],\"inLanguage\":\"en-GB\"},{\"@type\":\"Organization\",\"@id\":\"https:\\\/\\\/www.kairospolska.pl\\\/#organization\",\"name\":\"Kairos sp z o.o. | Fosforanowanie bez fosforan\u00f3w\",\"url\":\"https:\\\/\\\/www.kairospolska.pl\\\/\",\"logo\":{\"@type\":\"ImageObject\",\"inLanguage\":\"en-GB\",\"@id\":\"https:\\\/\\\/www.kairospolska.pl\\\/#\\\/schema\\\/logo\\\/image\\\/\",\"url\":\"https:\\\/\\\/www.kairospolska.pl\\\/wp-content\\\/uploads\\\/2021\\\/05\\\/logo-kairos-polska.png\",\"contentUrl\":\"https:\\\/\\\/www.kairospolska.pl\\\/wp-content\\\/uploads\\\/2021\\\/05\\\/logo-kairos-polska.png\",\"width\":400,\"height\":246,\"caption\":\"Kairos sp z o.o. | Fosforanowanie bez fosforan\u00f3w\"},\"image\":{\"@id\":\"https:\\\/\\\/www.kairospolska.pl\\\/#\\\/schema\\\/logo\\\/image\\\/\"},\"sameAs\":[\"https:\\\/\\\/www.facebook.com\\\/Kairos-Polska-357254058117775\\\/\"]}]}<\/script>\n<!-- \/ Yoast SEO plugin. -->","yoast_head_json":{"title":"Footer - Kairos Poland","robots":{"index":"index","follow":"follow","max-snippet":"max-snippet:-1","max-image-preview":"max-image-preview:large","max-video-preview":"max-video-preview:-1"},"canonical":"https:\/\/www.kairospolska.pl\/en\/footer\/","og_locale":"en_GB","og_type":"article","og_title":"Footer - Kairos Polska","og_url":"https:\/\/www.kairospolska.pl\/en\/footer\/","og_site_name":"Kairos Polska","article_publisher":"https:\/\/www.facebook.com\/Kairos-Polska-357254058117775\/","article_modified_time":"2024-12-31T09:13:49+00:00","og_image":[{"width":1500,"height":1007,"url":"https:\/\/www.kairospolska.pl\/wp-content\/uploads\/2021\/06\/kairos-naglowek-oferta.jpg","type":"image\/jpeg"}],"twitter_card":"summary_large_image","schema":{"@context":"https:\/\/schema.org","@graph":[{"@type":"WebPage","@id":"https:\/\/www.kairospolska.pl\/footer\/","url":"https:\/\/www.kairospolska.pl\/footer\/","name":"Footer - Kairos Poland","isPartOf":{"@id":"https:\/\/www.kairospolska.pl\/#website"},"datePublished":"2020-10-26T12:20:25+00:00","dateModified":"2024-12-31T09:13:49+00:00","breadcrumb":{"@id":"https:\/\/www.kairospolska.pl\/footer\/#breadcrumb"},"inLanguage":"en-GB","potentialAction":[{"@type":"ReadAction","target":["https:\/\/www.kairospolska.pl\/footer\/"]}]},{"@type":"BreadcrumbList","@id":"https:\/\/www.kairospolska.pl\/footer\/#breadcrumb","itemListElement":[{"@type":"ListItem","position":1,"name":"Strona g\u0142\u00f3wna","item":"https:\/\/www.kairospolska.pl\/"},{"@type":"ListItem","position":2,"name":"Footer"}]},{"@type":"WebSite","@id":"https:\/\/www.kairospolska.pl\/#website","url":"https:\/\/www.kairospolska.pl\/","name":"Kairos Poland","description":"","publisher":{"@id":"https:\/\/www.kairospolska.pl\/#organization"},"potentialAction":[{"@type":"SearchAction","target":{"@type":"EntryPoint","urlTemplate":"https:\/\/www.kairospolska.pl\/?s={search_term_string}"},"query-input":{"@type":"PropertyValueSpecification","valueRequired":true,"valueName":"search_term_string"}}],"inLanguage":"en-GB"},{"@type":"Organization","@id":"https:\/\/www.kairospolska.pl\/#organization","name":"Kairos sp z o.o. | Phosphate-free phosphate treatment","url":"https:\/\/www.kairospolska.pl\/","logo":{"@type":"ImageObject","inLanguage":"en-GB","@id":"https:\/\/www.kairospolska.pl\/#\/schema\/logo\/image\/","url":"https:\/\/www.kairospolska.pl\/wp-content\/uploads\/2021\/05\/logo-kairos-polska.png","contentUrl":"https:\/\/www.kairospolska.pl\/wp-content\/uploads\/2021\/05\/logo-kairos-polska.png","width":400,"height":246,"caption":"Kairos sp z o.o. | Fosforanowanie bez fosforan\u00f3w"},"image":{"@id":"https:\/\/www.kairospolska.pl\/#\/schema\/logo\/image\/"},"sameAs":["https:\/\/www.facebook.com\/Kairos-Polska-357254058117775\/"]}]}},"_links":{"self":[{"href":"https:\/\/www.kairospolska.pl\/en\/wp-json\/wp\/v2\/pages\/460","targetHints":{"allow":["GET"]}}],"collection":[{"href":"https:\/\/www.kairospolska.pl\/en\/wp-json\/wp\/v2\/pages"}],"about":[{"href":"https:\/\/www.kairospolska.pl\/en\/wp-json\/wp\/v2\/types\/page"}],"author":[{"embeddable":true,"href":"https:\/\/www.kairospolska.pl\/en\/wp-json\/wp\/v2\/users\/1"}],"replies":[{"embeddable":true,"href":"https:\/\/www.kairospolska.pl\/en\/wp-json\/wp\/v2\/comments?post=460"}],"version-history":[{"count":35,"href":"https:\/\/www.kairospolska.pl\/en\/wp-json\/wp\/v2\/pages\/460\/revisions"}],"predecessor-version":[{"id":2189,"href":"https:\/\/www.kairospolska.pl\/en\/wp-json\/wp\/v2\/pages\/460\/revisions\/2189"}],"wp:attachment":[{"href":"https:\/\/www.kairospolska.pl\/en\/wp-json\/wp\/v2\/media?parent=460"}],"curies":[{"name":"wp","href":"https:\/\/api.w.org\/{rel}","templated":true}]}}