{"id":464,"date":"2020-10-26T12:20:43","date_gmt":"2020-10-26T11:20:43","guid":{"rendered":"http:\/\/amwerk.bold-themes.com\/berlin\/?page_id=464"},"modified":"2021-07-01T14:52:45","modified_gmt":"2021-07-01T12:52:45","slug":"blog","status":"publish","type":"page","link":"https:\/\/www.kairospolska.pl\/en\/blog\/","title":{"rendered":"Blog"},"content":{"rendered":"<section id=\"bt_bb_section69e301a052cca\"  class=\"bt_bb_section bt_bb_layout_boxed_1200\" ><div class=\"bt_bb_port\"><div class=\"bt_bb_cell\"><div class=\"bt_bb_cell_inner\"><div class=\"bt_bb_row\"  data-bt-override-class=\"{}\"><div class=\"bt_bb_row_holder\" ><div  class=\"bt_bb_column col-xxl-12 col-xl-12 col-xs-12 col-sm-12 col-md-12 col-lg-12 bt_bb_vertical_align_top bt_bb_align_left bt_bb_padding_normal\" style=\"; --column-width:12;\" data-width=\"12\" data-bt-override-class=\"{}\"><div class=\"bt_bb_column_content\"><div class=\"bt_bb_column_content_inner\"><div class=\"bt_bb_masonry_post_grid bt_bb_grid_container bt_bb_columns_1 bt_bb_gap_normal bt_bb_date_design_triangle\" data-columns=\"1\"><div class=\"bt_bb_masonry_post_grid_content bt_bb_grid_hide\" data-bt-bb-masonry-post-grid-nonce=\"53eb1214d7\" data-number=\"1000\" data-category=\"Bez-kategorii\" data-show=\"a%3A7%3A%7Bs%3A8%3A%22category%22%3Bb%3A0%3Bs%3A4%3A%22date%22%3Bb%3A0%3Bs%3A6%3A%22author%22%3Bb%3A0%3Bs%3A8%3A%22comments%22%3Bb%3A0%3Bs%3A7%3A%22excerpt%22%3Bb%3A1%3Bs%3A5%3A%22share%22%3Bb%3A0%3Bs%3A4%3A%22size%22%3Bs%3A4%3A%22full%22%3B%7D\" data-auto-loading=\"auto_loading\" data-post-type=\"post\" data-date-design=\"triangle\" ><div class=\"bt_bb_grid_sizer\"><\/div><\/div><div class=\"bt_bb_post_grid_loader\"><\/div><\/div><\/div><\/div><\/div><\/div><\/div><\/div><\/div><\/div><\/section>","protected":false},"excerpt":{"rendered":"<p>Our blog is the place where we share our knowledge with large and small paint shops looking to reduce the cost of surface preparation for powder coating.<\/p>","protected":false},"author":1,"featured_media":1456,"parent":0,"menu_order":0,"comment_status":"closed","ping_status":"closed","template":"","meta":{"footnotes":""},"class_list":["post-464","page","type-page","status-publish","has-post-thumbnail","hentry"],"yoast_head":"<!-- This site is optimized with the Yoast SEO plugin v26.5 - https:\/\/yoast.com\/wordpress\/plugins\/seo\/ -->\n<title>Blog | Kairos Polska<\/title>\n<meta name=\"description\" content=\"Nasz blog to miejsce, w kt\u00f3rym dzielimy si\u0119 wiedz\u0105 na temat obni\u017cenia koszt\u00f3w przygotowania do lakierowania proszkowego | Kairos Polska\" \/>\n<meta name=\"robots\" content=\"index, follow, max-snippet:-1, max-image-preview:large, max-video-preview:-1\" \/>\n<link rel=\"canonical\" href=\"https:\/\/www.kairospolska.pl\/en\/blog\/\" \/>\n<meta property=\"og:locale\" content=\"en_GB\" \/>\n<meta property=\"og:type\" content=\"article\" \/>\n<meta property=\"og:title\" content=\"Blog | Kairos Polska\" \/>\n<meta property=\"og:description\" content=\"Nasz blog to miejsce, w kt\u00f3rym dzielimy si\u0119 wiedz\u0105 na temat obni\u017cenia koszt\u00f3w przygotowania do lakierowania proszkowego | Kairos Polska\" \/>\n<meta property=\"og:url\" content=\"https:\/\/www.kairospolska.pl\/en\/blog\/\" \/>\n<meta property=\"og:site_name\" content=\"Kairos Polska\" \/>\n<meta property=\"article:publisher\" content=\"https:\/\/www.facebook.com\/Kairos-Polska-357254058117775\/\" \/>\n<meta property=\"article:modified_time\" content=\"2021-07-01T12:52:45+00:00\" \/>\n<meta property=\"og:image\" content=\"https:\/\/www.kairospolska.pl\/wp-content\/uploads\/2021\/06\/lakiernia-proszkowa.jpg\" \/>\n\t<meta property=\"og:image:width\" content=\"1500\" \/>\n\t<meta property=\"og:image:height\" content=\"929\" \/>\n\t<meta property=\"og:image:type\" content=\"image\/jpeg\" \/>\n<meta name=\"twitter:card\" content=\"summary_large_image\" \/>\n<script type=\"application\/ld+json\" class=\"yoast-schema-graph\">{\"@context\":\"https:\/\/schema.org\",\"@graph\":[{\"@type\":\"WebPage\",\"@id\":\"https:\/\/www.kairospolska.pl\/blog\/\",\"url\":\"https:\/\/www.kairospolska.pl\/blog\/\",\"name\":\"Blog | Kairos Polska\",\"isPartOf\":{\"@id\":\"https:\/\/www.kairospolska.pl\/#website\"},\"primaryImageOfPage\":{\"@id\":\"https:\/\/www.kairospolska.pl\/blog\/#primaryimage\"},\"image\":{\"@id\":\"https:\/\/www.kairospolska.pl\/blog\/#primaryimage\"},\"thumbnailUrl\":\"https:\/\/www.kairospolska.pl\/wp-content\/uploads\/2021\/06\/lakiernia-proszkowa.jpg\",\"datePublished\":\"2020-10-26T11:20:43+00:00\",\"dateModified\":\"2021-07-01T12:52:45+00:00\",\"description\":\"Nasz blog to miejsce, w kt\u00f3rym dzielimy si\u0119 wiedz\u0105 na temat obni\u017cenia koszt\u00f3w przygotowania do lakierowania proszkowego | Kairos Polska\",\"breadcrumb\":{\"@id\":\"https:\/\/www.kairospolska.pl\/blog\/#breadcrumb\"},\"inLanguage\":\"en-GB\",\"potentialAction\":[{\"@type\":\"ReadAction\",\"target\":[\"https:\/\/www.kairospolska.pl\/blog\/\"]}]},{\"@type\":\"ImageObject\",\"inLanguage\":\"en-GB\",\"@id\":\"https:\/\/www.kairospolska.pl\/blog\/#primaryimage\",\"url\":\"https:\/\/www.kairospolska.pl\/wp-content\/uploads\/2021\/06\/lakiernia-proszkowa.jpg\",\"contentUrl\":\"https:\/\/www.kairospolska.pl\/wp-content\/uploads\/2021\/06\/lakiernia-proszkowa.jpg\",\"width\":1500,\"height\":929,\"caption\":\"lakiernia proszkowa\"},{\"@type\":\"BreadcrumbList\",\"@id\":\"https:\/\/www.kairospolska.pl\/blog\/#breadcrumb\",\"itemListElement\":[{\"@type\":\"ListItem\",\"position\":1,\"name\":\"Strona g\u0142\u00f3wna\",\"item\":\"https:\/\/www.kairospolska.pl\/\"},{\"@type\":\"ListItem\",\"position\":2,\"name\":\"Blog\"}]},{\"@type\":\"WebSite\",\"@id\":\"https:\/\/www.kairospolska.pl\/#website\",\"url\":\"https:\/\/www.kairospolska.pl\/\",\"name\":\"Kairos Polska\",\"description\":\"\",\"publisher\":{\"@id\":\"https:\/\/www.kairospolska.pl\/#organization\"},\"potentialAction\":[{\"@type\":\"SearchAction\",\"target\":{\"@type\":\"EntryPoint\",\"urlTemplate\":\"https:\/\/www.kairospolska.pl\/?s={search_term_string}\"},\"query-input\":{\"@type\":\"PropertyValueSpecification\",\"valueRequired\":true,\"valueName\":\"search_term_string\"}}],\"inLanguage\":\"en-GB\"},{\"@type\":\"Organization\",\"@id\":\"https:\/\/www.kairospolska.pl\/#organization\",\"name\":\"Kairos sp z o.o. | Fosforanowanie bez fosforan\u00f3w\",\"url\":\"https:\/\/www.kairospolska.pl\/\",\"logo\":{\"@type\":\"ImageObject\",\"inLanguage\":\"en-GB\",\"@id\":\"https:\/\/www.kairospolska.pl\/#\/schema\/logo\/image\/\",\"url\":\"https:\/\/www.kairospolska.pl\/wp-content\/uploads\/2021\/05\/logo-kairos-polska.png\",\"contentUrl\":\"https:\/\/www.kairospolska.pl\/wp-content\/uploads\/2021\/05\/logo-kairos-polska.png\",\"width\":400,\"height\":246,\"caption\":\"Kairos sp z o.o. | Fosforanowanie bez fosforan\u00f3w\"},\"image\":{\"@id\":\"https:\/\/www.kairospolska.pl\/#\/schema\/logo\/image\/\"},\"sameAs\":[\"https:\/\/www.facebook.com\/Kairos-Polska-357254058117775\/\"]}]}<\/script>\n<!-- \/ Yoast SEO plugin. -->","yoast_head_json":{"title":"Blog | Kairos Poland","description":"Our blog is the place where we share our knowledge on how to reduce powder coating preparation costs | Kairos Polska","robots":{"index":"index","follow":"follow","max-snippet":"max-snippet:-1","max-image-preview":"max-image-preview:large","max-video-preview":"max-video-preview:-1"},"canonical":"https:\/\/www.kairospolska.pl\/en\/blog\/","og_locale":"en_GB","og_type":"article","og_title":"Blog | Kairos Polska","og_description":"Nasz blog to miejsce, w kt\u00f3rym dzielimy si\u0119 wiedz\u0105 na temat obni\u017cenia koszt\u00f3w przygotowania do lakierowania proszkowego | Kairos Polska","og_url":"https:\/\/www.kairospolska.pl\/en\/blog\/","og_site_name":"Kairos Polska","article_publisher":"https:\/\/www.facebook.com\/Kairos-Polska-357254058117775\/","article_modified_time":"2021-07-01T12:52:45+00:00","og_image":[{"width":1500,"height":929,"url":"https:\/\/www.kairospolska.pl\/wp-content\/uploads\/2021\/06\/lakiernia-proszkowa.jpg","type":"image\/jpeg"}],"twitter_card":"summary_large_image","schema":{"@context":"https:\/\/schema.org","@graph":[{"@type":"WebPage","@id":"https:\/\/www.kairospolska.pl\/blog\/","url":"https:\/\/www.kairospolska.pl\/blog\/","name":"Blog | Kairos Poland","isPartOf":{"@id":"https:\/\/www.kairospolska.pl\/#website"},"primaryImageOfPage":{"@id":"https:\/\/www.kairospolska.pl\/blog\/#primaryimage"},"image":{"@id":"https:\/\/www.kairospolska.pl\/blog\/#primaryimage"},"thumbnailUrl":"https:\/\/www.kairospolska.pl\/wp-content\/uploads\/2021\/06\/lakiernia-proszkowa.jpg","datePublished":"2020-10-26T11:20:43+00:00","dateModified":"2021-07-01T12:52:45+00:00","description":"Our blog is the place where we share our knowledge on how to reduce powder coating preparation costs | Kairos Polska","breadcrumb":{"@id":"https:\/\/www.kairospolska.pl\/blog\/#breadcrumb"},"inLanguage":"en-GB","potentialAction":[{"@type":"ReadAction","target":["https:\/\/www.kairospolska.pl\/blog\/"]}]},{"@type":"ImageObject","inLanguage":"en-GB","@id":"https:\/\/www.kairospolska.pl\/blog\/#primaryimage","url":"https:\/\/www.kairospolska.pl\/wp-content\/uploads\/2021\/06\/lakiernia-proszkowa.jpg","contentUrl":"https:\/\/www.kairospolska.pl\/wp-content\/uploads\/2021\/06\/lakiernia-proszkowa.jpg","width":1500,"height":929,"caption":"lakiernia proszkowa"},{"@type":"BreadcrumbList","@id":"https:\/\/www.kairospolska.pl\/blog\/#breadcrumb","itemListElement":[{"@type":"ListItem","position":1,"name":"Strona g\u0142\u00f3wna","item":"https:\/\/www.kairospolska.pl\/"},{"@type":"ListItem","position":2,"name":"Blog"}]},{"@type":"WebSite","@id":"https:\/\/www.kairospolska.pl\/#website","url":"https:\/\/www.kairospolska.pl\/","name":"Kairos Poland","description":"","publisher":{"@id":"https:\/\/www.kairospolska.pl\/#organization"},"potentialAction":[{"@type":"SearchAction","target":{"@type":"EntryPoint","urlTemplate":"https:\/\/www.kairospolska.pl\/?s={search_term_string}"},"query-input":{"@type":"PropertyValueSpecification","valueRequired":true,"valueName":"search_term_string"}}],"inLanguage":"en-GB"},{"@type":"Organization","@id":"https:\/\/www.kairospolska.pl\/#organization","name":"Kairos sp z o.o. | Phosphate-free phosphate treatment","url":"https:\/\/www.kairospolska.pl\/","logo":{"@type":"ImageObject","inLanguage":"en-GB","@id":"https:\/\/www.kairospolska.pl\/#\/schema\/logo\/image\/","url":"https:\/\/www.kairospolska.pl\/wp-content\/uploads\/2021\/05\/logo-kairos-polska.png","contentUrl":"https:\/\/www.kairospolska.pl\/wp-content\/uploads\/2021\/05\/logo-kairos-polska.png","width":400,"height":246,"caption":"Kairos sp z o.o. | Fosforanowanie bez fosforan\u00f3w"},"image":{"@id":"https:\/\/www.kairospolska.pl\/#\/schema\/logo\/image\/"},"sameAs":["https:\/\/www.facebook.com\/Kairos-Polska-357254058117775\/"]}]}},"_links":{"self":[{"href":"https:\/\/www.kairospolska.pl\/en\/wp-json\/wp\/v2\/pages\/464","targetHints":{"allow":["GET"]}}],"collection":[{"href":"https:\/\/www.kairospolska.pl\/en\/wp-json\/wp\/v2\/pages"}],"about":[{"href":"https:\/\/www.kairospolska.pl\/en\/wp-json\/wp\/v2\/types\/page"}],"author":[{"embeddable":true,"href":"https:\/\/www.kairospolska.pl\/en\/wp-json\/wp\/v2\/users\/1"}],"replies":[{"embeddable":true,"href":"https:\/\/www.kairospolska.pl\/en\/wp-json\/wp\/v2\/comments?post=464"}],"version-history":[{"count":8,"href":"https:\/\/www.kairospolska.pl\/en\/wp-json\/wp\/v2\/pages\/464\/revisions"}],"predecessor-version":[{"id":1640,"href":"https:\/\/www.kairospolska.pl\/en\/wp-json\/wp\/v2\/pages\/464\/revisions\/1640"}],"wp:featuredmedia":[{"embeddable":true,"href":"https:\/\/www.kairospolska.pl\/en\/wp-json\/wp\/v2\/media\/1456"}],"wp:attachment":[{"href":"https:\/\/www.kairospolska.pl\/en\/wp-json\/wp\/v2\/media?parent=464"}],"curies":[{"name":"wp","href":"https:\/\/api.w.org\/{rel}","templated":true}]}}